{"id":27,"date":"2023-10-20T09:50:45","date_gmt":"2023-10-20T09:50:45","guid":{"rendered":"https:\/\/bvbitxeced-1.meinwp.de\/wordpress\/?page_id=27"},"modified":"2023-11-24T06:37:10","modified_gmt":"2023-11-24T06:37:10","slug":"about","status":"publish","type":"page","link":"https:\/\/mettler-holz.de\/index.php\/about\/","title":{"rendered":"\u00dcber uns"},"content":{"rendered":"\n<h2 class=\"wp-block-heading has-large-font-size\" id=\"inspiro-is-a-digital-product-agency-that-focuses-on-strategy-and-design\" style=\"font-style:normal;font-weight:100\">Holz hat eine lange Tradition in der Familie Mettler. Bereits vor fast 150 Jahren gr\u00fcndete die Familie ein S\u00e4gewerk samt Zimmerei, welche \u00fcber Jahrzehnte \u00fcberregional f\u00fcr Holz und Wohnraum sorgte.<\/h2>\n\n\n\n<h2 class=\"wp-block-heading has-large-font-size\" id=\"inspiro-is-a-digital-product-agency-that-focuses-on-strategy-and-design\" style=\"font-style:normal;font-weight:100\">Mit knapp 15 Jahren zwischen Schlie\u00dfung des S\u00e4gewerks und Er\u00f6ffnung meines Betriebes f\u00fchre ich nun die Familientradition fort und versuche meinen Teil zur ehrbaren Ausf\u00fchrung und Weiterentwicklung des Zimmerhandwerks bei zu steuern.<br><br>Als kleiner Betrieb setzen wir auf Kundenn\u00e4he, Flexibilit\u00e4t und kurze Kommunikationswege um Hindernisse fr\u00fchzeitig zu erkennen und zu umgehen.<br><br><br><\/h2>\n\n\n\n<blockquote class=\"wp-block-quote is-layout-flow wp-block-quote-is-layout-flow\">\n<p>Holz ist ein einsilbiges Wort, aber dahinter steckt eine Welt von M\u00e4rchen und Wundern<\/p>\n<cite>Theodor Heuss<\/cite><\/blockquote>\n\n\n\n<div style=\"height:100px\" aria-hidden=\"true\" class=\"wp-block-spacer\"><\/div>\n\n\n\n<figure class=\"wp-block-gallery has-nested-images columns-default is-cropped wp-block-gallery-1 is-layout-flex wp-block-gallery-is-layout-flex\">\n<figure class=\"wp-block-image size-large\"><img fetchpriority=\"high\" decoding=\"async\" width=\"856\" height=\"1024\" data-id=\"416\" src=\"https:\/\/mettler-holz.de\/wp-content\/uploads\/2023\/11\/IMG_3739-1-856x1024.jpg\" alt=\"\" class=\"wp-image-416\" srcset=\"https:\/\/mettler-holz.de\/wp-content\/uploads\/2023\/11\/IMG_3739-1-856x1024.jpg 856w, https:\/\/mettler-holz.de\/wp-content\/uploads\/2023\/11\/IMG_3739-1-251x300.jpg 251w, https:\/\/mettler-holz.de\/wp-content\/uploads\/2023\/11\/IMG_3739-1-2000x2391.jpg 2000w\" sizes=\"(max-width: 856px) 100vw, 856px\" \/><\/figure>\n\n\n\n<figure class=\"wp-block-image size-large\"><img decoding=\"async\" width=\"1024\" height=\"662\" data-id=\"417\" src=\"https:\/\/mettler-holz.de\/wp-content\/uploads\/2023\/11\/IMG_3737-2-1024x662.jpg\" alt=\"\" class=\"wp-image-417\" srcset=\"https:\/\/mettler-holz.de\/wp-content\/uploads\/2023\/11\/IMG_3737-2-1024x662.jpg 1024w, https:\/\/mettler-holz.de\/wp-content\/uploads\/2023\/11\/IMG_3737-2-300x194.jpg 300w, https:\/\/mettler-holz.de\/wp-content\/uploads\/2023\/11\/IMG_3737-2-2000x1293.jpg 2000w\" sizes=\"(max-width: 1024px) 100vw, 1024px\" \/><\/figure>\n\n\n\n<figure class=\"wp-block-image size-large\"><img decoding=\"async\" width=\"831\" height=\"1024\" data-id=\"415\" src=\"https:\/\/mettler-holz.de\/wp-content\/uploads\/2023\/11\/IMG_3740-1-831x1024.jpg\" alt=\"\" class=\"wp-image-415\" srcset=\"https:\/\/mettler-holz.de\/wp-content\/uploads\/2023\/11\/IMG_3740-1-831x1024.jpg 831w, https:\/\/mettler-holz.de\/wp-content\/uploads\/2023\/11\/IMG_3740-1-243x300.jpg 243w, https:\/\/mettler-holz.de\/wp-content\/uploads\/2023\/11\/IMG_3740-1-2000x2465.jpg 2000w\" sizes=\"(max-width: 831px) 100vw, 831px\" \/><\/figure>\n<\/figure>\n\n\n\n<div style=\"height:100px\" aria-hidden=\"true\" class=\"wp-block-spacer\"><\/div>\n","protected":false},"excerpt":{"rendered":"<p>Holz hat eine lange Tradition in der Familie Mettler. Bereits vor fast 150 Jahren gr\u00fcndete die Familie ein S\u00e4gewerk samt Zimmerei, welche \u00fcber Jahrzehnte \u00fcberregional f\u00fcr Holz und Wohnraum sorgte. Mit knapp 15 Jahren zwischen Schlie\u00dfung des S\u00e4gewerks und Er\u00f6ffnung meines Betriebes f\u00fchre ich nun die Familientradition fort und versuche meinen Teil zur ehrbaren Ausf\u00fchrung &hellip; <\/p>\n<p class=\"link-more\"><a href=\"https:\/\/mettler-holz.de\/index.php\/about\/\" class=\"more-link\">Mehr <span class=\"screen-reader-text\">\u00fcber &#8222;\u00dcber uns&#8220; <\/span>Lesen<\/a><\/p>\n","protected":false},"author":1,"featured_media":287,"parent":0,"menu_order":0,"comment_status":"closed","ping_status":"closed","template":"","meta":{"footnotes":""},"class_list":["post-27","page","type-page","status-publish","has-post-thumbnail","hentry"],"featured_media_urls":{"thumbnail":["https:\/\/mettler-holz.de\/wp-content\/uploads\/2023\/11\/IMG-20191120-WA0030-150x150.jpg",150,150,true],"medium":["https:\/\/mettler-holz.de\/wp-content\/uploads\/2023\/11\/IMG-20191120-WA0030-300x202.jpg",300,202,true],"medium_large":["https:\/\/mettler-holz.de\/wp-content\/uploads\/2023\/11\/IMG-20191120-WA0030.jpg",768,516,false],"large":["https:\/\/mettler-holz.de\/wp-content\/uploads\/2023\/11\/IMG-20191120-WA0030-1024x689.jpg",950,639,true],"1536x1536":["https:\/\/mettler-holz.de\/wp-content\/uploads\/2023\/11\/IMG-20191120-WA0030-1536x1033.jpg",1536,1033,true],"2048x2048":["https:\/\/mettler-holz.de\/wp-content\/uploads\/2023\/11\/IMG-20191120-WA0030.jpg",1600,1076,false],"inspiro-featured-image":["https:\/\/mettler-holz.de\/wp-content\/uploads\/2023\/11\/IMG-20191120-WA0030.jpg",1600,1076,false],"inspiro-loop":["https:\/\/mettler-holz.de\/wp-content\/uploads\/2023\/11\/IMG-20191120-WA0030-950x320.jpg",950,320,true],"inspiro-loop@2x":["https:\/\/mettler-holz.de\/wp-content\/uploads\/2023\/11\/IMG-20191120-WA0030-1600x640.jpg",1600,640,true],"portfolio_item-thumbnail":["https:\/\/mettler-holz.de\/wp-content\/uploads\/2023\/11\/IMG-20191120-WA0030-600x400.jpg",600,400,true],"portfolio_item-thumbnail@2x":["https:\/\/mettler-holz.de\/wp-content\/uploads\/2023\/11\/IMG-20191120-WA0030-1200x800.jpg",1200,800,true],"portfolio_item-masonry":["https:\/\/mettler-holz.de\/wp-content\/uploads\/2023\/11\/IMG-20191120-WA0030-600x404.jpg",600,404,true],"portfolio_item-masonry@2x":["https:\/\/mettler-holz.de\/wp-content\/uploads\/2023\/11\/IMG-20191120-WA0030-1200x807.jpg",1200,807,true],"portfolio_item-thumbnail_cinema":["https:\/\/mettler-holz.de\/wp-content\/uploads\/2023\/11\/IMG-20191120-WA0030-800x335.jpg",800,335,true],"portfolio_item-thumbnail_portrait":["https:\/\/mettler-holz.de\/wp-content\/uploads\/2023\/11\/IMG-20191120-WA0030-600x900.jpg",600,900,true],"portfolio_item-thumbnail_portrait@2x":["https:\/\/mettler-holz.de\/wp-content\/uploads\/2023\/11\/IMG-20191120-WA0030-1200x1076.jpg",1200,1076,true],"portfolio_item-thumbnail_square":["https:\/\/mettler-holz.de\/wp-content\/uploads\/2023\/11\/IMG-20191120-WA0030-800x800.jpg",800,800,true]},"_links":{"self":[{"href":"https:\/\/mettler-holz.de\/index.php\/wp-json\/wp\/v2\/pages\/27","targetHints":{"allow":["GET"]}}],"collection":[{"href":"https:\/\/mettler-holz.de\/index.php\/wp-json\/wp\/v2\/pages"}],"about":[{"href":"https:\/\/mettler-holz.de\/index.php\/wp-json\/wp\/v2\/types\/page"}],"author":[{"embeddable":true,"href":"https:\/\/mettler-holz.de\/index.php\/wp-json\/wp\/v2\/users\/1"}],"replies":[{"embeddable":true,"href":"https:\/\/mettler-holz.de\/index.php\/wp-json\/wp\/v2\/comments?post=27"}],"version-history":[{"count":3,"href":"https:\/\/mettler-holz.de\/index.php\/wp-json\/wp\/v2\/pages\/27\/revisions"}],"predecessor-version":[{"id":420,"href":"https:\/\/mettler-holz.de\/index.php\/wp-json\/wp\/v2\/pages\/27\/revisions\/420"}],"wp:featuredmedia":[{"embeddable":true,"href":"https:\/\/mettler-holz.de\/index.php\/wp-json\/wp\/v2\/media\/287"}],"wp:attachment":[{"href":"https:\/\/mettler-holz.de\/index.php\/wp-json\/wp\/v2\/media?parent=27"}],"curies":[{"name":"wp","href":"https:\/\/api.w.org\/{rel}","templated":true}]}}